{"id":2988,"date":"2025-11-07T08:57:23","date_gmt":"2025-11-07T07:57:23","guid":{"rendered":"https:\/\/nicolaslouis.com\/wordpress\/mon-compte\/"},"modified":"2025-11-07T08:57:23","modified_gmt":"2025-11-07T07:57:23","slug":"mon-compte","status":"publish","type":"page","link":"https:\/\/nicolaslouis.com\/wordpress\/mon-compte\/","title":{"rendered":"Mon compte"},"content":{"rendered":"<div class=\"woocommerce\"><\/div>\n","protected":false},"excerpt":{"rendered":"","protected":false},"author":1,"featured_media":0,"parent":0,"menu_order":0,"comment_status":"closed","ping_status":"closed","template":"","meta":{"_kadence_starter_templates_imported_post":false,"_kad_post_transparent":"","_kad_post_title":"","_kad_post_layout":"","_kad_post_sidebar_id":"","_kad_post_content_style":"","_kad_post_vertical_padding":"","_kad_post_feature":"","_kad_post_feature_position":"","_kad_post_header":false,"_kad_post_footer":false,"_kad_post_classname":"","footnotes":""},"class_list":["post-2988","page","type-page","status-publish","hentry"],"yoast_head":"<!-- This site is optimized with the Yoast SEO plugin v27.5 - https:\/\/yoast.com\/product\/yoast-seo-wordpress\/ -->\n<title>Mon compte - NICOLAS LOUIS<\/title>\n<meta name=\"robots\" content=\"index, follow, max-snippet:-1, max-image-preview:large, max-video-preview:-1\" \/>\n<link rel=\"canonical\" href=\"https:\/\/nicolaslouis.com\/wordpress\/mon-compte\/\" \/>\n<meta property=\"og:locale\" content=\"fr_FR\" \/>\n<meta property=\"og:type\" content=\"article\" \/>\n<meta property=\"og:title\" content=\"Mon compte - NICOLAS LOUIS\" \/>\n<meta property=\"og:url\" content=\"https:\/\/nicolaslouis.com\/wordpress\/mon-compte\/\" \/>\n<meta property=\"og:site_name\" content=\"NICOLAS LOUIS\" \/>\n<meta name=\"twitter:card\" content=\"summary_large_image\" \/>\n<script type=\"application\/ld+json\" class=\"yoast-schema-graph\">{\"@context\":\"https:\\\/\\\/schema.org\",\"@graph\":[{\"@type\":\"WebPage\",\"@id\":\"https:\\\/\\\/nicolaslouis.com\\\/wordpress\\\/mon-compte\\\/\",\"url\":\"https:\\\/\\\/nicolaslouis.com\\\/wordpress\\\/mon-compte\\\/\",\"name\":\"Mon compte - NICOLAS LOUIS\",\"isPartOf\":{\"@id\":\"https:\\\/\\\/nicolaslouis.com\\\/wordpress\\\/#website\"},\"datePublished\":\"2025-11-07T07:57:23+00:00\",\"breadcrumb\":{\"@id\":\"https:\\\/\\\/nicolaslouis.com\\\/wordpress\\\/mon-compte\\\/#breadcrumb\"},\"inLanguage\":\"fr-FR\",\"potentialAction\":[{\"@type\":\"ReadAction\",\"target\":[\"https:\\\/\\\/nicolaslouis.com\\\/wordpress\\\/mon-compte\\\/\"]}]},{\"@type\":\"BreadcrumbList\",\"@id\":\"https:\\\/\\\/nicolaslouis.com\\\/wordpress\\\/mon-compte\\\/#breadcrumb\",\"itemListElement\":[{\"@type\":\"ListItem\",\"position\":1,\"name\":\"Accueil\",\"item\":\"https:\\\/\\\/nicolaslouis.com\\\/wordpress\\\/\"},{\"@type\":\"ListItem\",\"position\":2,\"name\":\"Mon compte\"}]},{\"@type\":\"WebSite\",\"@id\":\"https:\\\/\\\/nicolaslouis.com\\\/wordpress\\\/#website\",\"url\":\"https:\\\/\\\/nicolaslouis.com\\\/wordpress\\\/\",\"name\":\"NICOLAS LOUIS PHOTOGRAPHE\",\"description\":\"Rencontre photographique\",\"publisher\":{\"@id\":\"https:\\\/\\\/nicolaslouis.com\\\/wordpress\\\/#organization\"},\"potentialAction\":[{\"@type\":\"SearchAction\",\"target\":{\"@type\":\"EntryPoint\",\"urlTemplate\":\"https:\\\/\\\/nicolaslouis.com\\\/wordpress\\\/?s={search_term_string}\"},\"query-input\":{\"@type\":\"PropertyValueSpecification\",\"valueRequired\":true,\"valueName\":\"search_term_string\"}}],\"inLanguage\":\"fr-FR\"},{\"@type\":\"Organization\",\"@id\":\"https:\\\/\\\/nicolaslouis.com\\\/wordpress\\\/#organization\",\"name\":\"NICOLAS LOUIS\",\"url\":\"https:\\\/\\\/nicolaslouis.com\\\/wordpress\\\/\",\"logo\":{\"@type\":\"ImageObject\",\"inLanguage\":\"fr-FR\",\"@id\":\"https:\\\/\\\/nicolaslouis.com\\\/wordpress\\\/#\\\/schema\\\/logo\\\/image\\\/\",\"url\":\"https:\\\/\\\/nicolaslouis.com\\\/wordpress\\\/wp-content\\\/uploads\\\/2025\\\/04\\\/cropped-nicolaslouis-logo.jpg\",\"contentUrl\":\"https:\\\/\\\/nicolaslouis.com\\\/wordpress\\\/wp-content\\\/uploads\\\/2025\\\/04\\\/cropped-nicolaslouis-logo.jpg\",\"width\":512,\"height\":512,\"caption\":\"NICOLAS LOUIS\"},\"image\":{\"@id\":\"https:\\\/\\\/nicolaslouis.com\\\/wordpress\\\/#\\\/schema\\\/logo\\\/image\\\/\"}}]}<\/script>\n<!-- \/ Yoast SEO plugin. -->","yoast_head_json":{"title":"Mon compte - NICOLAS LOUIS","robots":{"index":"index","follow":"follow","max-snippet":"max-snippet:-1","max-image-preview":"max-image-preview:large","max-video-preview":"max-video-preview:-1"},"canonical":"https:\/\/nicolaslouis.com\/wordpress\/mon-compte\/","og_locale":"fr_FR","og_type":"article","og_title":"Mon compte - NICOLAS LOUIS","og_url":"https:\/\/nicolaslouis.com\/wordpress\/mon-compte\/","og_site_name":"NICOLAS LOUIS","twitter_card":"summary_large_image","schema":{"@context":"https:\/\/schema.org","@graph":[{"@type":"WebPage","@id":"https:\/\/nicolaslouis.com\/wordpress\/mon-compte\/","url":"https:\/\/nicolaslouis.com\/wordpress\/mon-compte\/","name":"Mon compte - NICOLAS LOUIS","isPartOf":{"@id":"https:\/\/nicolaslouis.com\/wordpress\/#website"},"datePublished":"2025-11-07T07:57:23+00:00","breadcrumb":{"@id":"https:\/\/nicolaslouis.com\/wordpress\/mon-compte\/#breadcrumb"},"inLanguage":"fr-FR","potentialAction":[{"@type":"ReadAction","target":["https:\/\/nicolaslouis.com\/wordpress\/mon-compte\/"]}]},{"@type":"BreadcrumbList","@id":"https:\/\/nicolaslouis.com\/wordpress\/mon-compte\/#breadcrumb","itemListElement":[{"@type":"ListItem","position":1,"name":"Accueil","item":"https:\/\/nicolaslouis.com\/wordpress\/"},{"@type":"ListItem","position":2,"name":"Mon compte"}]},{"@type":"WebSite","@id":"https:\/\/nicolaslouis.com\/wordpress\/#website","url":"https:\/\/nicolaslouis.com\/wordpress\/","name":"NICOLAS LOUIS PHOTOGRAPHE","description":"Rencontre photographique","publisher":{"@id":"https:\/\/nicolaslouis.com\/wordpress\/#organization"},"potentialAction":[{"@type":"SearchAction","target":{"@type":"EntryPoint","urlTemplate":"https:\/\/nicolaslouis.com\/wordpress\/?s={search_term_string}"},"query-input":{"@type":"PropertyValueSpecification","valueRequired":true,"valueName":"search_term_string"}}],"inLanguage":"fr-FR"},{"@type":"Organization","@id":"https:\/\/nicolaslouis.com\/wordpress\/#organization","name":"NICOLAS LOUIS","url":"https:\/\/nicolaslouis.com\/wordpress\/","logo":{"@type":"ImageObject","inLanguage":"fr-FR","@id":"https:\/\/nicolaslouis.com\/wordpress\/#\/schema\/logo\/image\/","url":"https:\/\/nicolaslouis.com\/wordpress\/wp-content\/uploads\/2025\/04\/cropped-nicolaslouis-logo.jpg","contentUrl":"https:\/\/nicolaslouis.com\/wordpress\/wp-content\/uploads\/2025\/04\/cropped-nicolaslouis-logo.jpg","width":512,"height":512,"caption":"NICOLAS LOUIS"},"image":{"@id":"https:\/\/nicolaslouis.com\/wordpress\/#\/schema\/logo\/image\/"}}]}},"jetpack_sharing_enabled":true,"jetpack_likes_enabled":true,"jetpack-related-posts":[{"id":3216,"url":"https:\/\/nicolaslouis.com\/wordpress\/cgv\/","url_meta":{"origin":2988,"position":0},"title":"CGV","author":"NiColasLouis","date":"13 novembre 2025","format":false,"excerpt":"Conditions G\u00e9n\u00e9rales de Vente Valables \u00e0 compter du 13 novembre 2025 Les pr\u00e9sentes Conditions G\u00e9n\u00e9rales de Vente (ci-apr\u00e8s \u00ab CGV \u00bb) s\u2019appliquent \u00e0 toute commande pass\u00e9e sur la boutique en ligne de vente de tirages photographiques exploit\u00e9e via WooCommerce (ci-apr\u00e8s \u00ab le Site \u00bb), par tout client consommateur ou non-professionnel.\u2026","rel":"","context":"Article similaire","block_context":{"text":"Article similaire","link":""},"img":{"alt_text":"","src":"","width":0,"height":0},"classes":[]}],"_links":{"self":[{"href":"https:\/\/nicolaslouis.com\/wordpress\/wp-json\/wp\/v2\/pages\/2988","targetHints":{"allow":["GET"]}}],"collection":[{"href":"https:\/\/nicolaslouis.com\/wordpress\/wp-json\/wp\/v2\/pages"}],"about":[{"href":"https:\/\/nicolaslouis.com\/wordpress\/wp-json\/wp\/v2\/types\/page"}],"author":[{"embeddable":true,"href":"https:\/\/nicolaslouis.com\/wordpress\/wp-json\/wp\/v2\/users\/1"}],"replies":[{"embeddable":true,"href":"https:\/\/nicolaslouis.com\/wordpress\/wp-json\/wp\/v2\/comments?post=2988"}],"version-history":[{"count":0,"href":"https:\/\/nicolaslouis.com\/wordpress\/wp-json\/wp\/v2\/pages\/2988\/revisions"}],"wp:attachment":[{"href":"https:\/\/nicolaslouis.com\/wordpress\/wp-json\/wp\/v2\/media?parent=2988"}],"curies":[{"name":"wp","href":"https:\/\/api.w.org\/{rel}","templated":true}]}}