{"id":3540,"date":"2025-11-20T11:47:44","date_gmt":"2025-11-20T10:47:44","guid":{"rendered":"https:\/\/nicolaslouis.com\/wordpress\/?page_id=3540"},"modified":"2026-01-20T07:47:45","modified_gmt":"2026-01-20T06:47:45","slug":"contact","status":"publish","type":"page","link":"https:\/\/nicolaslouis.com\/wordpress\/contact\/","title":{"rendered":"contact"},"content":{"rendered":"<div class=\"wp-block-jetpack-contact-form is-layout-flex wp-container-jetpack-contact-form-is-layout-faa3ad1c wp-block-jetpack-contact-form-is-layout-flex\"><a href=\"https:\/\/nicolaslouis.com\/wordpress\/contact\/\" target=\"_blank\" rel=\"noopener noreferrer\">Soumettre un formulaire.<\/a><\/div>\n\n\n<div class=\"wp-block-jetpack-send-a-message\">\n<div class=\"wp-block-jetpack-whatsapp-button aligncenter is-color-dark\"><a class=\"whatsapp-block__button\" href=\"https:\/\/api.whatsapp.com\/send?phone=33663763364&amp;text=Bonjour%2C%20j%E2%80%99ai%20trouv%C3%A9%20vos%20informations%20WhatsApp%20sur%20votre%20site%20Web.\" style=\"background-color:#25D366;color:#fff\" target=\"_self\" rel=\"noopener noreferrer\">Discuter sur WhatsApp<\/a><\/div>\n<\/div>\n","protected":false},"excerpt":{"rendered":"","protected":false},"author":1,"featured_media":0,"parent":0,"menu_order":0,"comment_status":"closed","ping_status":"closed","template":"","meta":{"_kadence_starter_templates_imported_post":false,"_kad_post_transparent":"","_kad_post_title":"","_kad_post_layout":"narrow","_kad_post_sidebar_id":"","_kad_post_content_style":"","_kad_post_vertical_padding":"","_kad_post_feature":"","_kad_post_feature_position":"","_kad_post_header":false,"_kad_post_footer":false,"_kad_post_classname":"","footnotes":""},"class_list":["post-3540","page","type-page","status-publish","hentry"],"yoast_head":"<!-- This site is optimized with the Yoast SEO plugin v27.5 - https:\/\/yoast.com\/product\/yoast-seo-wordpress\/ -->\n<title>contact - NICOLAS LOUIS<\/title>\n<meta name=\"robots\" content=\"index, follow, max-snippet:-1, max-image-preview:large, max-video-preview:-1\" \/>\n<link rel=\"canonical\" href=\"https:\/\/nicolaslouis.com\/wordpress\/contact\/\" \/>\n<meta property=\"og:locale\" content=\"fr_FR\" \/>\n<meta property=\"og:type\" content=\"article\" \/>\n<meta property=\"og:title\" content=\"contact - NICOLAS LOUIS\" \/>\n<meta property=\"og:url\" content=\"https:\/\/nicolaslouis.com\/wordpress\/contact\/\" \/>\n<meta property=\"og:site_name\" content=\"NICOLAS LOUIS\" \/>\n<meta property=\"article:modified_time\" content=\"2026-01-20T06:47:45+00:00\" \/>\n<meta name=\"twitter:card\" content=\"summary_large_image\" \/>\n<meta name=\"twitter:label1\" content=\"Dur\u00e9e de lecture estim\u00e9e\" \/>\n\t<meta name=\"twitter:data1\" content=\"1 minute\" \/>\n<script type=\"application\/ld+json\" class=\"yoast-schema-graph\">{\"@context\":\"https:\\\/\\\/schema.org\",\"@graph\":[{\"@type\":\"WebPage\",\"@id\":\"https:\\\/\\\/nicolaslouis.com\\\/wordpress\\\/contact\\\/\",\"url\":\"https:\\\/\\\/nicolaslouis.com\\\/wordpress\\\/contact\\\/\",\"name\":\"contact - NICOLAS LOUIS\",\"isPartOf\":{\"@id\":\"https:\\\/\\\/nicolaslouis.com\\\/wordpress\\\/#website\"},\"datePublished\":\"2025-11-20T10:47:44+00:00\",\"dateModified\":\"2026-01-20T06:47:45+00:00\",\"breadcrumb\":{\"@id\":\"https:\\\/\\\/nicolaslouis.com\\\/wordpress\\\/contact\\\/#breadcrumb\"},\"inLanguage\":\"fr-FR\",\"potentialAction\":[{\"@type\":\"ReadAction\",\"target\":[\"https:\\\/\\\/nicolaslouis.com\\\/wordpress\\\/contact\\\/\"]}]},{\"@type\":\"BreadcrumbList\",\"@id\":\"https:\\\/\\\/nicolaslouis.com\\\/wordpress\\\/contact\\\/#breadcrumb\",\"itemListElement\":[{\"@type\":\"ListItem\",\"position\":1,\"name\":\"Accueil\",\"item\":\"https:\\\/\\\/nicolaslouis.com\\\/wordpress\\\/\"},{\"@type\":\"ListItem\",\"position\":2,\"name\":\"contact\"}]},{\"@type\":\"WebSite\",\"@id\":\"https:\\\/\\\/nicolaslouis.com\\\/wordpress\\\/#website\",\"url\":\"https:\\\/\\\/nicolaslouis.com\\\/wordpress\\\/\",\"name\":\"NICOLAS LOUIS PHOTOGRAPHE\",\"description\":\"Rencontre photographique\",\"publisher\":{\"@id\":\"https:\\\/\\\/nicolaslouis.com\\\/wordpress\\\/#organization\"},\"potentialAction\":[{\"@type\":\"SearchAction\",\"target\":{\"@type\":\"EntryPoint\",\"urlTemplate\":\"https:\\\/\\\/nicolaslouis.com\\\/wordpress\\\/?s={search_term_string}\"},\"query-input\":{\"@type\":\"PropertyValueSpecification\",\"valueRequired\":true,\"valueName\":\"search_term_string\"}}],\"inLanguage\":\"fr-FR\"},{\"@type\":\"Organization\",\"@id\":\"https:\\\/\\\/nicolaslouis.com\\\/wordpress\\\/#organization\",\"name\":\"NICOLAS LOUIS\",\"url\":\"https:\\\/\\\/nicolaslouis.com\\\/wordpress\\\/\",\"logo\":{\"@type\":\"ImageObject\",\"inLanguage\":\"fr-FR\",\"@id\":\"https:\\\/\\\/nicolaslouis.com\\\/wordpress\\\/#\\\/schema\\\/logo\\\/image\\\/\",\"url\":\"https:\\\/\\\/nicolaslouis.com\\\/wordpress\\\/wp-content\\\/uploads\\\/2025\\\/04\\\/cropped-nicolaslouis-logo.jpg\",\"contentUrl\":\"https:\\\/\\\/nicolaslouis.com\\\/wordpress\\\/wp-content\\\/uploads\\\/2025\\\/04\\\/cropped-nicolaslouis-logo.jpg\",\"width\":512,\"height\":512,\"caption\":\"NICOLAS LOUIS\"},\"image\":{\"@id\":\"https:\\\/\\\/nicolaslouis.com\\\/wordpress\\\/#\\\/schema\\\/logo\\\/image\\\/\"}}]}<\/script>\n<!-- \/ Yoast SEO plugin. -->","yoast_head_json":{"title":"contact - NICOLAS LOUIS","robots":{"index":"index","follow":"follow","max-snippet":"max-snippet:-1","max-image-preview":"max-image-preview:large","max-video-preview":"max-video-preview:-1"},"canonical":"https:\/\/nicolaslouis.com\/wordpress\/contact\/","og_locale":"fr_FR","og_type":"article","og_title":"contact - NICOLAS LOUIS","og_url":"https:\/\/nicolaslouis.com\/wordpress\/contact\/","og_site_name":"NICOLAS LOUIS","article_modified_time":"2026-01-20T06:47:45+00:00","twitter_card":"summary_large_image","twitter_misc":{"Dur\u00e9e de lecture estim\u00e9e":"1 minute"},"schema":{"@context":"https:\/\/schema.org","@graph":[{"@type":"WebPage","@id":"https:\/\/nicolaslouis.com\/wordpress\/contact\/","url":"https:\/\/nicolaslouis.com\/wordpress\/contact\/","name":"contact - NICOLAS LOUIS","isPartOf":{"@id":"https:\/\/nicolaslouis.com\/wordpress\/#website"},"datePublished":"2025-11-20T10:47:44+00:00","dateModified":"2026-01-20T06:47:45+00:00","breadcrumb":{"@id":"https:\/\/nicolaslouis.com\/wordpress\/contact\/#breadcrumb"},"inLanguage":"fr-FR","potentialAction":[{"@type":"ReadAction","target":["https:\/\/nicolaslouis.com\/wordpress\/contact\/"]}]},{"@type":"BreadcrumbList","@id":"https:\/\/nicolaslouis.com\/wordpress\/contact\/#breadcrumb","itemListElement":[{"@type":"ListItem","position":1,"name":"Accueil","item":"https:\/\/nicolaslouis.com\/wordpress\/"},{"@type":"ListItem","position":2,"name":"contact"}]},{"@type":"WebSite","@id":"https:\/\/nicolaslouis.com\/wordpress\/#website","url":"https:\/\/nicolaslouis.com\/wordpress\/","name":"NICOLAS LOUIS PHOTOGRAPHE","description":"Rencontre photographique","publisher":{"@id":"https:\/\/nicolaslouis.com\/wordpress\/#organization"},"potentialAction":[{"@type":"SearchAction","target":{"@type":"EntryPoint","urlTemplate":"https:\/\/nicolaslouis.com\/wordpress\/?s={search_term_string}"},"query-input":{"@type":"PropertyValueSpecification","valueRequired":true,"valueName":"search_term_string"}}],"inLanguage":"fr-FR"},{"@type":"Organization","@id":"https:\/\/nicolaslouis.com\/wordpress\/#organization","name":"NICOLAS LOUIS","url":"https:\/\/nicolaslouis.com\/wordpress\/","logo":{"@type":"ImageObject","inLanguage":"fr-FR","@id":"https:\/\/nicolaslouis.com\/wordpress\/#\/schema\/logo\/image\/","url":"https:\/\/nicolaslouis.com\/wordpress\/wp-content\/uploads\/2025\/04\/cropped-nicolaslouis-logo.jpg","contentUrl":"https:\/\/nicolaslouis.com\/wordpress\/wp-content\/uploads\/2025\/04\/cropped-nicolaslouis-logo.jpg","width":512,"height":512,"caption":"NICOLAS LOUIS"},"image":{"@id":"https:\/\/nicolaslouis.com\/wordpress\/#\/schema\/logo\/image\/"}}]}},"jetpack_sharing_enabled":true,"jetpack_likes_enabled":true,"jetpack-related-posts":[{"id":3812,"url":"https:\/\/nicolaslouis.com\/wordpress\/politique-de-confidentialite\/","url_meta":{"origin":3540,"position":0},"title":"Politique de confidentialit\u00e9","author":"NiColasLouis","date":"6 d\u00e9cembre 2025","format":false,"excerpt":"Derni\u00e8re mise \u00e0 jour : 06\/12\/2025 Cette politique de confidentialit\u00e9 d\u00e9crit comment sont collect\u00e9es, utilis\u00e9es et prot\u00e9g\u00e9es les donn\u00e9es personnelles lorsque vous naviguez sur le site nicolaslouis.com\/wordpress et lorsque vous achetez des tirages photographiques via ma boutique en ligne. 1. Responsable du traitement Nicolas LouisPhotographe \u2013 AuteurBordeaux, FranceE-mail : studiolouisn@gmail.comSite\u2026","rel":"","context":"Article similaire","block_context":{"text":"Article similaire","link":""},"img":{"alt_text":"","src":"","width":0,"height":0},"classes":[]},{"id":3214,"url":"https:\/\/nicolaslouis.com\/wordpress\/mentions-legales\/","url_meta":{"origin":3540,"position":1},"title":"Mentions l\u00e9gales","author":"NiColasLouis","date":"13 novembre 2025","format":false,"excerpt":"1. \u00c9diteur du site Nom du site :\u00a0Nicolaslouis.onlinePropri\u00e9taire \/ \u00c9diteur :\u00a0Nicolas LouisAdresse :\u00a04 rue Raymond Auguste Monvoisin 33800 BordeauxEmail :\u00a0studiolouisn@gmail.comStatut :\u00a0AuteurSIRET :\u00a0484802806 00014Directeur de la publication :\u00a0Nicolas Louis 2. H\u00e9bergement H\u00e9bergeur :\u00a0OVHAdresse de l\u2019h\u00e9bergeur :\u00a02 rue Kellermann \u2013 59100 Roubaix \u2013 FranceSite web de l\u2019h\u00e9bergeur :\u00a0ovhcloudcom 3. Propri\u00e9t\u00e9 intellectuelle L\u2019ensemble\u2026","rel":"","context":"Article similaire","block_context":{"text":"Article similaire","link":""},"img":{"alt_text":"","src":"","width":0,"height":0},"classes":[]},{"id":2989,"url":"https:\/\/nicolaslouis.com\/wordpress\/remboursements_retours\/","url_meta":{"origin":3540,"position":2},"title":"Politique en mati\u00e8re de remboursements et de retours","author":"NiColasLouis","date":"15 novembre 2025","format":false,"excerpt":"Tirages photo d\u2019art \u2013 \u00c9ditions limit\u00e9es Texte :D\u00e9couvrez une s\u00e9lection de tirages photo d\u2019art, r\u00e9alis\u00e9s en \u00e9dition limit\u00e9e, num\u00e9rot\u00e9s et sign\u00e9s. Chaque tirage est produit sur un papier d\u2019exception, avec des encres pigmentaires garantissant une excellente tenue dans le temps.Imprim\u00e9s en France, contr\u00f4l\u00e9s manuellement et accompagn\u00e9s d\u2019un certificat d\u2019authenticit\u00e9, ces\u2026","rel":"","context":"Article similaire","block_context":{"text":"Article similaire","link":""},"img":{"alt_text":"","src":"","width":0,"height":0},"classes":[]},{"id":3382,"url":"https:\/\/nicolaslouis.com\/wordpress\/conditions-de-retour-tirages-art\/","url_meta":{"origin":3540,"position":3},"title":"Conditions de retour \u2013 Tirages d\u2019art Nicolas Louis","author":"NiColasLouis","date":"16 novembre 2025","format":false,"excerpt":"Les tirages propos\u00e9s sur ce site sont des tirages d\u2019art num\u00e9rot\u00e9s et sign\u00e9s, r\u00e9alis\u00e9s sur papier Fine Art en \u00e9dition limit\u00e9e.Chaque \u0153uvre est produite \u00e0 la commande, contr\u00f4l\u00e9e manuellement et emball\u00e9e avec soin afin de vous garantir une qualit\u00e9 optimale. Cette page a pour objectif de pr\u00e9ciser les modalit\u00e9s de\u2026","rel":"","context":"Article similaire","block_context":{"text":"Article similaire","link":""},"img":{"alt_text":"","src":"","width":0,"height":0},"classes":[]},{"id":3216,"url":"https:\/\/nicolaslouis.com\/wordpress\/cgv\/","url_meta":{"origin":3540,"position":4},"title":"CGV","author":"NiColasLouis","date":"13 novembre 2025","format":false,"excerpt":"Conditions G\u00e9n\u00e9rales de Vente Valables \u00e0 compter du 13 novembre 2025 Les pr\u00e9sentes Conditions G\u00e9n\u00e9rales de Vente (ci-apr\u00e8s \u00ab CGV \u00bb) s\u2019appliquent \u00e0 toute commande pass\u00e9e sur la boutique en ligne de vente de tirages photographiques exploit\u00e9e via WooCommerce (ci-apr\u00e8s \u00ab le Site \u00bb), par tout client consommateur ou non-professionnel.\u2026","rel":"","context":"Article similaire","block_context":{"text":"Article similaire","link":""},"img":{"alt_text":"","src":"","width":0,"height":0},"classes":[]},{"id":1658,"url":"https:\/\/nicolaslouis.com\/wordpress\/edmee-pauline-delebecque\/","url_meta":{"origin":3540,"position":5},"title":"Edm\u00e9e Pauline Delebecque","author":"NiColasLouis","date":"10 juillet 2025","format":false,"excerpt":"Edm\u00e9e Pauline Delebecque - Artiste lithographe & po\u00e9tesse Portrait d'Edm\u00e9e Delebecque \u00c0 la red\u00e9couverte d\u2019Edm\u00e9e Pauline Delebecque (Paris 1880\u2013Dieulefit 1951) Une po\u00e9tesse, graveuse et peintre injustement oubli\u00e9e Par Nicolas Louis, originaire de Dieulefit Pourquoi ce blog ? Je suis originaire de Dieulefit par ma m\u00e8re, dans la Dr\u00f4me proven\u00e7ale, petite\u2026","rel":"","context":"Article similaire","block_context":{"text":"Article similaire","link":""},"img":{"alt_text":"portrait Edmee Pauline Delebecque \u00e0 dieulefit. photo en noir et blanc","src":"https:\/\/i0.wp.com\/nicolaslouis.com\/wordpress\/wp-content\/uploads\/2025\/07\/edmee-pauline-delebecque-1.jpg?resize=350%2C200&ssl=1","width":350,"height":200,"srcset":"https:\/\/i0.wp.com\/nicolaslouis.com\/wordpress\/wp-content\/uploads\/2025\/07\/edmee-pauline-delebecque-1.jpg?resize=350%2C200&ssl=1 1x, https:\/\/i0.wp.com\/nicolaslouis.com\/wordpress\/wp-content\/uploads\/2025\/07\/edmee-pauline-delebecque-1.jpg?resize=525%2C300&ssl=1 1.5x, https:\/\/i0.wp.com\/nicolaslouis.com\/wordpress\/wp-content\/uploads\/2025\/07\/edmee-pauline-delebecque-1.jpg?resize=700%2C400&ssl=1 2x, https:\/\/i0.wp.com\/nicolaslouis.com\/wordpress\/wp-content\/uploads\/2025\/07\/edmee-pauline-delebecque-1.jpg?resize=1050%2C600&ssl=1 3x, https:\/\/i0.wp.com\/nicolaslouis.com\/wordpress\/wp-content\/uploads\/2025\/07\/edmee-pauline-delebecque-1.jpg?resize=1400%2C800&ssl=1 4x"},"classes":[]}],"_links":{"self":[{"href":"https:\/\/nicolaslouis.com\/wordpress\/wp-json\/wp\/v2\/pages\/3540","targetHints":{"allow":["GET"]}}],"collection":[{"href":"https:\/\/nicolaslouis.com\/wordpress\/wp-json\/wp\/v2\/pages"}],"about":[{"href":"https:\/\/nicolaslouis.com\/wordpress\/wp-json\/wp\/v2\/types\/page"}],"author":[{"embeddable":true,"href":"https:\/\/nicolaslouis.com\/wordpress\/wp-json\/wp\/v2\/users\/1"}],"replies":[{"embeddable":true,"href":"https:\/\/nicolaslouis.com\/wordpress\/wp-json\/wp\/v2\/comments?post=3540"}],"version-history":[{"count":5,"href":"https:\/\/nicolaslouis.com\/wordpress\/wp-json\/wp\/v2\/pages\/3540\/revisions"}],"predecessor-version":[{"id":4188,"href":"https:\/\/nicolaslouis.com\/wordpress\/wp-json\/wp\/v2\/pages\/3540\/revisions\/4188"}],"wp:attachment":[{"href":"https:\/\/nicolaslouis.com\/wordpress\/wp-json\/wp\/v2\/media?parent=3540"}],"curies":[{"name":"wp","href":"https:\/\/api.w.org\/{rel}","templated":true}]}}